{"id":837,"date":"2026-01-03T12:43:29","date_gmt":"2026-01-03T12:43:29","guid":{"rendered":"https:\/\/themegrilldemos.com\/colormag-pro-fashion\/?page_id=737"},"modified":"2026-01-03T13:14:45","modified_gmt":"2026-01-03T13:14:45","slug":"allgemeine-geschaftsbedingungen","status":"publish","type":"page","link":"https:\/\/www.bousta.com\/de\/allgemeine-geschaftsbedingungen\/","title":{"rendered":"Allgemeine Gesch\u00e4ftsbedingungen"},"content":{"rendered":"<p><strong>G\u00fcltig ab: 01.05.2026<\/strong><br><br>Diese Allgemeinen Gesch\u00e4ftsbedingungen (\u201cAGB\u201d) regeln Ihren Zugang zu und Ihre Nutzung der Website. <strong><a href=\"http:\/\/www.bousta.com\/de\/\">www.bousta.com<\/a><\/strong> (die \u201cWebsite\u201d), betrieben von <strong>Bousta<\/strong> (\u201cBousta\u201d, \u201cwir\u201d, \u201cuns\u201d oder \u201cunser\u201d). Durch den Zugriff auf oder die Nutzung der Website best\u00e4tigen Sie, dass Sie diese Bedingungen gelesen und verstanden haben und sich damit einverstanden erkl\u00e4ren, rechtlich an sie gebunden zu sein. Wenn Sie damit nicht einverstanden sind, d\u00fcrfen Sie nicht auf die Website zugreifen oder sie nutzen.<\/p>\n\n\n\n<h2 class=\"wp-block-heading has-medium-font-size\">1. Art der Website<\/h2>\n\n\n\n<p>Bousta ist ein globales Online-Magazin und eine Social-Media-Plattform, die redaktionelle Inhalte und Nachrichten zu den Themen Smart Cities, urbane Innovation und das Internet der Dinge branchen- und umfeld\u00fcbergreifend bereitstellt. Die Website wird den Nutzern kostenlos zur Verf\u00fcgung gestellt.<\/p>\n\n\n\n<p>Alle Inhalte dienen ausschlie\u00dflich allgemeinen Informations- und redaktionellen Zwecken. Wir bem\u00fchen uns um Genauigkeit, jedoch sollten die Inhalte nicht als professionelle, rechtliche, finanzielle oder technische Beratung ausgelegt werden.<\/p>\n\n\n\n<p><\/p>\n\n\n\n<h2 class=\"wp-block-heading has-medium-font-size\">2. Teilnahmeberechtigung und Rechtsf\u00e4higkeit<\/h2>\n\n\n\n<p>Durch die Nutzung der Website erkl\u00e4ren und garantieren Sie, dass Sie nach geltendem Recht gesch\u00e4ftsf\u00e4hig sind, um verbindliche Vertr\u00e4ge abzuschlie\u00dfen. Wenn Sie im Namen eines Unternehmens, einer Organisation oder einer anderen juristischen Person auf die Website zugreifen, best\u00e4tigen Sie, dass Sie befugt sind, diese juristische Person an diese Bedingungen zu binden.<\/p>\n\n\n\n<p><\/p>\n\n\n\n<h2 class=\"wp-block-heading has-medium-font-size\">3. Rechte an geistigem Eigentum<\/h2>\n\n\n\n<p>Alle auf der Website verf\u00fcgbaren Inhalte, einschlie\u00dflich Artikel, Texte, Bilder, Grafiken, Logos, Videos und audiovisuelles Material (zusammenfassend als \u201cInhalte\u201d bezeichnet), sind durch Urheber-, Marken- und andere Gesetze zum Schutz geistigen Eigentums gesch\u00fctzt.<\/p>\n\n\n\n<p>Sofern nicht anders angegeben, sind die Inhalte Eigentum von Bousta oder von Bousta lizenziert. Den Nutzern wird eine beschr\u00e4nkte, nicht ausschlie\u00dfliche, nicht \u00fcbertragbare und widerrufliche Lizenz zum Anzeigen und Zugreifen auf die Inhalte gew\u00e4hrt. <strong>pers\u00f6nliche, nicht kommerzielle Nutzung<\/strong> nur.<\/p>\n\n\n\n<p>Die Vervielf\u00e4ltigung, Verbreitung, \u00c4nderung, Wiederver\u00f6ffentlichung, \u00f6ffentliche Darstellung oder kommerzielle Verwertung der Inhalte ohne vorherige schriftliche Zustimmung von Bousta ist strengstens untersagt.<\/p>\n\n\n\n<p><\/p>\n\n\n\n<h2 class=\"wp-block-heading has-medium-font-size\">4. Bilder und visuelle Inhalte<\/h2>\n\n\n\n<p>Bousta ist bestrebt, sicherzustellen, dass Bilder, Illustrationen und andere visuelle Materialien entweder lizenzfrei sind, ordnungsgem\u00e4\u00df lizenziert wurden oder mit entsprechender Genehmigung verwendet werden.<\/p>\n\n\n\n<p>Wenn Sie der Meinung sind, dass visuelle Inhalte auf der Website unzul\u00e4ssig verwendet werden oder nicht lizenziert sind, kontaktieren Sie uns bitte umgehend unter:<\/p>\n\n\n\n<p><strong>E-Mail:<\/strong> <a href=\"mailto:info@bousta.com\">info@bousta.com<\/a><\/p>\n\n\n\n<p>Bousta wird die Angelegenheit nach bestem Wissen und Gewissen pr\u00fcfen und gegebenenfalls Korrekturma\u00dfnahmen ergreifen, einschlie\u00dflich der Entfernung, Ersetzung oder \u00c4nderung der betreffenden Inhalte.<\/p>\n\n\n\n<p><\/p>\n\n\n\n<h2 class=\"wp-block-heading has-medium-font-size\">5. Verhalten der Nutzer<\/h2>\n\n\n\n<p>Durch die Nutzung der Website erkl\u00e4ren Sie sich mit Folgendem einverstanden:<\/p>\n\n\n\n<ul class=\"wp-block-list\">\n<li>Befolgen Sie alle geltenden Gesetze und Vorschriften.<\/li>\n\n\n\n<li>Respektieren Sie das geistige Eigentum, die Privatsph\u00e4re und andere Rechte von Bousta und Dritten.<\/li>\n\n\n\n<li>Vermeiden Sie die Einschleusung von Viren, Malware oder anderem sch\u00e4dlichen Code.<\/li>\n\n\n\n<li>Unterlassen Sie jegliche Eingriffe in die Website, die Server oder die Sicherheitsfunktionen.<\/li>\n<\/ul>\n\n\n\n<p>Bousta beh\u00e4lt sich das Recht vor, den Zugang zur Website im Falle eines Missbrauchs oder einer Verletzung dieser Bedingungen einzuschr\u00e4nken, auszusetzen oder zu beenden.<\/p>\n\n\n\n<p><\/p>\n\n\n\n<h2 class=\"wp-block-heading has-medium-font-size\">6. Links und Inhalte von Dritten<\/h2>\n\n\n\n<p>Die Website kann Links zu Websites Dritter oder Verweise auf Dienste Dritter enthalten. Diese Links werden nur aus Gr\u00fcnden der Benutzerfreundlichkeit bereitgestellt.<\/p>\n\n\n\n<p>Bousta kontrolliert, unterst\u00fctzt oder \u00fcbernimmt keine Verantwortung f\u00fcr Inhalte, Richtigkeit oder Verf\u00fcgbarkeit von Dritten. Der Zugriff auf Websites Dritter erfolgt auf eigene Gefahr. Wir empfehlen Ihnen, deren Datenschutzrichtlinien zu \u00fcberpr\u00fcfen.<\/p>\n\n\n\n<p><\/p>\n\n\n\n<h2 class=\"wp-block-heading has-medium-font-size\">7. Haftungsausschluss<\/h2>\n\n\n\n<p>Die Website und alle Inhalte werden auf einer <strong>\u201cwie vorhanden\u201d<\/strong> und <strong>\u201cwie verf\u00fcgbar\u201d<\/strong> Basis, ohne jegliche ausdr\u00fcckliche oder stillschweigende Gew\u00e4hrleistung.<\/p>\n\n\n\n<p>Bousta gibt keine Zusicherungen oder Gew\u00e4hrleistungen in Bezug auf:<\/p>\n\n\n\n<ul class=\"wp-block-list\">\n<li>Richtigkeit, Vollst\u00e4ndigkeit oder Aktualit\u00e4t der Inhalte<\/li>\n\n\n\n<li>Unterbrechungsfreier oder fehlerfreier Betrieb der Website<\/li>\n\n\n\n<li>Freiheit von technischen M\u00e4ngeln oder sch\u00e4dlichen Bestandteilen<\/li>\n<\/ul>\n\n\n\n<p><\/p>\n\n\n\n<h2 class=\"wp-block-heading has-medium-font-size\">8. Haftungsbeschr\u00e4nkung<\/h2>\n\n\n\n<p>Soweit gesetzlich zul\u00e4ssig, haftet Bousta nicht f\u00fcr direkte, indirekte, zuf\u00e4llige, Folge- oder Sondersch\u00e4den, die sich aus folgenden Gr\u00fcnden ergeben:<\/p>\n\n\n\n<ul class=\"wp-block-list\">\n<li>Nutzung der Website oder Vertrauen auf die Website<\/li>\n\n\n\n<li>Verlassen auf Inhalte<\/li>\n\n\n\n<li>Technische St\u00f6rungen, Unterbrechungen oder Datenverlust<\/li>\n<\/ul>\n\n\n\n<p>Nichts in diesen Bedingungen schlie\u00dft eine Haftung aus, wenn dies gesetzlich verboten ist.<\/p>\n\n\n\n<p><\/p>\n\n\n\n<h2 class=\"wp-block-heading has-medium-font-size\">9. Datenschutz und Privatsph\u00e4re<\/h2>\n\n\n\n<p>Bousta verarbeitet personenbezogene Daten in \u00dcbereinstimmung mit den geltenden Gesetzen, darunter:<\/p>\n\n\n\n<ul class=\"wp-block-list\">\n<li>EU-Datenschutz-Grundverordnung (DSGVO)<\/li>\n\n\n\n<li>EU-DSGVO<\/li>\n\n\n\n<li>Schweizerisches Bundesgesetz \u00fcber den Datenschutz (DSG)<\/li>\n<\/ul>\n\n\n\n<p>Personenbezogene Daten werden rechtm\u00e4\u00dfig, fair und transparent verarbeitet und nur f\u00fcr legitime Zwecke verwendet. Nutzer k\u00f6nnen ihre Rechte aus\u00fcben, darunter das Recht auf Zugang, Berichtigung, L\u00f6schung, Einschr\u00e4nkung, Widerspruch und Daten\u00fcbertragbarkeit.<\/p>\n\n\n\n<p>Unser <strong>Datenschutzerkl\u00e4rung<\/strong> ist integraler Bestandteil dieser Bedingungen und enth\u00e4lt alle Einzelheiten dar\u00fcber, wie personenbezogene Daten erfasst, verwendet und gesch\u00fctzt werden.<\/p>\n\n\n\n<p><\/p>\n\n\n\n<h2 class=\"wp-block-heading has-medium-font-size\">10. \u00c4nderungen<\/h2>\n\n\n\n<p>Bousta kann diese Bedingungen jederzeit aktualisieren. \u00c4nderungen treten mit ihrer Ver\u00f6ffentlichung auf der Website in Kraft. Die fortgesetzte Nutzung der Website nach \u00c4nderungen gilt als Zustimmung zu den \u00fcberarbeiteten Bedingungen.<\/p>\n\n\n\n<p><\/p>\n\n\n\n<h2 class=\"wp-block-heading has-medium-font-size\">11. Salvatorische Klausel<\/h2>\n\n\n\n<p>Sollte eine Bestimmung dieser Bedingungen als ung\u00fcltig, rechtswidrig oder nicht durchsetzbar angesehen werden, bleiben die \u00fcbrigen Bestimmungen in vollem Umfang wirksam.<\/p>\n\n\n\n<p><\/p>\n\n\n\n<h2 class=\"wp-block-heading has-medium-font-size\">12. Anwendbares Recht und Gerichtsstand<\/h2>\n\n\n\n<p>Diese Bedingungen unterliegen <strong>Schweizer Recht<\/strong>, ungeachtet der Grunds\u00e4tze des Kollisionsrechts.<\/p>\n\n\n\n<p>F\u00fcr alle Streitigkeiten, die sich aus diesen Bedingungen oder der Nutzung der Website ergeben, sind ausschlie\u00dflich die zust\u00e4ndigen Gerichte der Schweiz zust\u00e4ndig, vorbehaltlich zwingender Verbraucherschutzgesetze.<\/p>\n\n\n\n<p><\/p>\n\n\n\n<h2 class=\"wp-block-heading has-medium-font-size\">13. Kontakt<\/h2>\n\n\n\n<p>Bei Fragen oder Hinweisen zu diesen Bedingungen wenden Sie sich bitte an:  <a href=\"mailto:info@bousta.com\">info@bousta.com<\/a><\/p>","protected":false},"excerpt":{"rendered":"<p>G\u00fcltigkeitsdatum: 01.05.2026 Diese Allgemeinen Gesch\u00e4ftsbedingungen (\u201cAGB\u201d) regeln Ihren Zugang zu und Ihre Nutzung der Website www.bousta.com (die \u201cWebsite\u201d).,<\/p>","protected":false},"author":1,"featured_media":0,"parent":0,"menu_order":0,"comment_status":"closed","ping_status":"closed","template":"","meta":{"colormag_page_container_layout":"default_layout","colormag_page_sidebar_layout":"default_layout","footnotes":""},"class_list":["post-837","page","type-page","status-publish","hentry"],"magazineBlocksPostFeaturedMedia":{"thumbnail":false,"medium":false,"medium_large":false,"large":false,"1536x1536":false,"2048x2048":false,"trp-custom-language-flag":false,"colormag-highlighted-post":false,"colormag-featured-post-medium":false,"colormag-featured-post-small":false,"colormag-featured-image":false,"colormag-default-news":false,"colormag-featured-image-large":false},"magazineBlocksPostAuthor":{"name":"Sebastien","avatar":"https:\/\/secure.gravatar.com\/avatar\/1f71a3f51d991ba8e1f56b75fbce7c26ec22b4bdc7af3cc6235ab4dbb53f8013?s=96&d=blank&r=g"},"magazineBlocksPostCommentsNumber":false,"magazineBlocksPostExcerpt":"Effective Date: 05\/01\/2026 These Terms and Conditions (\u201cTerms\u201d) govern your access to and use of the website www.bousta.com (the \u201cWebsite\u201d),","magazineBlocksPostCategories":[],"magazineBlocksPostViewCount":0,"magazineBlocksPostReadTime":4,"yoast_head":"<!-- This site is optimized with the Yoast SEO plugin v26.6 - https:\/\/yoast.com\/wordpress\/plugins\/seo\/ -->\n<title>Terms and Conditions - Bousta | Global Media Platform Covering Smart Cities, Urban Innovation &amp; the Internet of Things<\/title>\n<meta name=\"robots\" content=\"index, follow, max-snippet:-1, max-image-preview:large, max-video-preview:-1\" \/>\n<link rel=\"canonical\" href=\"https:\/\/www.bousta.com\/de\/allgemeine-geschaftsbedingungen\/\" \/>\n<meta property=\"og:locale\" content=\"de_DE\" \/>\n<meta property=\"og:type\" content=\"article\" \/>\n<meta property=\"og:title\" content=\"Terms and Conditions - Bousta | Global Media Platform Covering Smart Cities, Urban Innovation &amp; the Internet of Things\" \/>\n<meta property=\"og:description\" content=\"Effective Date: 05\/01\/2026 These Terms and Conditions (\u201cTerms\u201d) govern your access to and use of the website www.bousta.com (the \u201cWebsite\u201d),\" \/>\n<meta property=\"og:url\" content=\"https:\/\/www.bousta.com\/de\/allgemeine-geschaftsbedingungen\/\" \/>\n<meta property=\"og:site_name\" content=\"Bousta | Global Media Platform Covering Smart Cities, Urban Innovation &amp; the Internet of Things\" \/>\n<meta property=\"article:modified_time\" content=\"2026-01-03T13:14:45+00:00\" \/>\n<meta name=\"twitter:card\" content=\"summary_large_image\" \/>\n<meta name=\"twitter:label1\" content=\"Gesch\u00e4tzte Lesezeit\" \/>\n\t<meta name=\"twitter:data1\" content=\"4\u00a0Minuten\" \/>\n<script type=\"application\/ld+json\" class=\"yoast-schema-graph\">{\"@context\":\"https:\/\/schema.org\",\"@graph\":[{\"@type\":\"WebPage\",\"@id\":\"https:\/\/www.bousta.com\/fr\/conditions-generales\/\",\"url\":\"https:\/\/www.bousta.com\/fr\/conditions-generales\/\",\"name\":\"Terms and Conditions - Bousta | Global Media Platform Covering Smart Cities, Urban Innovation &amp; the Internet of Things\",\"isPartOf\":{\"@id\":\"https:\/\/www.bousta.com\/zh\/#website\"},\"datePublished\":\"2026-01-03T12:43:29+00:00\",\"dateModified\":\"2026-01-03T13:14:45+00:00\",\"breadcrumb\":{\"@id\":\"https:\/\/www.bousta.com\/fr\/conditions-generales\/#breadcrumb\"},\"inLanguage\":\"de\",\"potentialAction\":[{\"@type\":\"ReadAction\",\"target\":[\"https:\/\/www.bousta.com\/fr\/conditions-generales\/\"]}]},{\"@type\":\"BreadcrumbList\",\"@id\":\"https:\/\/www.bousta.com\/fr\/conditions-generales\/#breadcrumb\",\"itemListElement\":[{\"@type\":\"ListItem\",\"position\":1,\"name\":\"Home\",\"item\":\"https:\/\/www.bousta.com\/zh\/\"},{\"@type\":\"ListItem\",\"position\":2,\"name\":\"Terms and Conditions\"}]},{\"@type\":\"WebSite\",\"@id\":\"https:\/\/www.bousta.com\/zh\/#website\",\"url\":\"https:\/\/www.bousta.com\/zh\/\",\"name\":\"Bousta | Global Media Platform Covering Smart Cities, Urban Innovation & the Internet of Things\",\"description\":\"Where Smart Cities, Urban Innovation &amp; IoT Converge\",\"publisher\":{\"@id\":\"https:\/\/www.bousta.com\/zh\/#organization\"},\"potentialAction\":[{\"@type\":\"SearchAction\",\"target\":{\"@type\":\"EntryPoint\",\"urlTemplate\":\"https:\/\/www.bousta.com\/zh\/?s={search_term_string}\"},\"query-input\":{\"@type\":\"PropertyValueSpecification\",\"valueRequired\":true,\"valueName\":\"search_term_string\"}}],\"inLanguage\":\"de\"},{\"@type\":\"Organization\",\"@id\":\"https:\/\/www.bousta.com\/zh\/#organization\",\"name\":\"Bousta | Global Media Platform Covering Smart Cities, Urban Innovation & the Internet of Things\",\"url\":\"https:\/\/www.bousta.com\/zh\/\",\"logo\":{\"@type\":\"ImageObject\",\"inLanguage\":\"de\",\"@id\":\"https:\/\/www.bousta.com\/zh\/#\/schema\/logo\/image\/\",\"url\":\"https:\/\/www.bousta.com\/wp-content\/uploads\/2025\/12\/bousta.png\",\"contentUrl\":\"https:\/\/www.bousta.com\/wp-content\/uploads\/2025\/12\/bousta.png\",\"width\":209,\"height\":66,\"caption\":\"Bousta | Global Media Platform Covering Smart Cities, Urban Innovation & the Internet of Things\"},\"image\":{\"@id\":\"https:\/\/www.bousta.com\/zh\/#\/schema\/logo\/image\/\"}}]}<\/script>\n<!-- \/ Yoast SEO plugin. -->","yoast_head_json":{"title":"Allgemeine Gesch\u00e4ftsbedingungen \u2013 Bousta | Globale Medienplattform zu den Themen Smart Cities, urbane Innovation und das Internet der Dinge","robots":{"index":"index","follow":"follow","max-snippet":"max-snippet:-1","max-image-preview":"max-image-preview:large","max-video-preview":"max-video-preview:-1"},"canonical":"https:\/\/www.bousta.com\/de\/allgemeine-geschaftsbedingungen\/","og_locale":"de_DE","og_type":"article","og_title":"Terms and Conditions - Bousta | Global Media Platform Covering Smart Cities, Urban Innovation &amp; the Internet of Things","og_description":"Effective Date: 05\/01\/2026 These Terms and Conditions (\u201cTerms\u201d) govern your access to and use of the website www.bousta.com (the \u201cWebsite\u201d),","og_url":"https:\/\/www.bousta.com\/de\/allgemeine-geschaftsbedingungen\/","og_site_name":"Bousta | Global Media Platform Covering Smart Cities, Urban Innovation &amp; the Internet of Things","article_modified_time":"2026-01-03T13:14:45+00:00","twitter_card":"summary_large_image","twitter_misc":{"Gesch\u00e4tzte Lesezeit":"4\u00a0Minuten"},"schema":{"@context":"https:\/\/schema.org","@graph":[{"@type":"WebPage","@id":"https:\/\/www.bousta.com\/fr\/conditions-generales\/","url":"https:\/\/www.bousta.com\/fr\/conditions-generales\/","name":"Allgemeine Gesch\u00e4ftsbedingungen \u2013 Bousta | Globale Medienplattform zu den Themen Smart Cities, urbane Innovation und das Internet der Dinge","isPartOf":{"@id":"https:\/\/www.bousta.com\/zh\/#website"},"datePublished":"2026-01-03T12:43:29+00:00","dateModified":"2026-01-03T13:14:45+00:00","breadcrumb":{"@id":"https:\/\/www.bousta.com\/fr\/conditions-generales\/#breadcrumb"},"inLanguage":"de","potentialAction":[{"@type":"ReadAction","target":["https:\/\/www.bousta.com\/fr\/conditions-generales\/"]}]},{"@type":"BreadcrumbList","@id":"https:\/\/www.bousta.com\/fr\/conditions-generales\/#breadcrumb","itemListElement":[{"@type":"ListItem","position":1,"name":"Home","item":"https:\/\/www.bousta.com\/zh\/"},{"@type":"ListItem","position":2,"name":"Terms and Conditions"}]},{"@type":"WebSite","@id":"https:\/\/www.bousta.com\/zh\/#website","url":"https:\/\/www.bousta.com\/zh\/","name":"Bousta | Globale Medienplattform zu den Themen Smart Cities, urbane Innovation und das Internet der Dinge","description":"Wo Smart Cities, urbane Innovation und IoT zusammenkommen","publisher":{"@id":"https:\/\/www.bousta.com\/zh\/#organization"},"potentialAction":[{"@type":"SearchAction","target":{"@type":"EntryPoint","urlTemplate":"https:\/\/www.bousta.com\/zh\/?s={search_term_string}"},"query-input":{"@type":"PropertyValueSpecification","valueRequired":true,"valueName":"search_term_string"}}],"inLanguage":"de"},{"@type":"Organization","@id":"https:\/\/www.bousta.com\/zh\/#organization","name":"Bousta | Globale Medienplattform zu den Themen Smart Cities, urbane Innovation und das Internet der Dinge","url":"https:\/\/www.bousta.com\/zh\/","logo":{"@type":"ImageObject","inLanguage":"de","@id":"https:\/\/www.bousta.com\/zh\/#\/schema\/logo\/image\/","url":"https:\/\/www.bousta.com\/wp-content\/uploads\/2025\/12\/bousta.png","contentUrl":"https:\/\/www.bousta.com\/wp-content\/uploads\/2025\/12\/bousta.png","width":209,"height":66,"caption":"Bousta | Global Media Platform Covering Smart Cities, Urban Innovation & the Internet of Things"},"image":{"@id":"https:\/\/www.bousta.com\/zh\/#\/schema\/logo\/image\/"}}]}},"_links":{"self":[{"href":"https:\/\/www.bousta.com\/de\/wp-json\/wp\/v2\/pages\/837","targetHints":{"allow":["GET"]}}],"collection":[{"href":"https:\/\/www.bousta.com\/de\/wp-json\/wp\/v2\/pages"}],"about":[{"href":"https:\/\/www.bousta.com\/de\/wp-json\/wp\/v2\/types\/page"}],"author":[{"embeddable":true,"href":"https:\/\/www.bousta.com\/de\/wp-json\/wp\/v2\/users\/1"}],"replies":[{"embeddable":true,"href":"https:\/\/www.bousta.com\/de\/wp-json\/wp\/v2\/comments?post=837"}],"version-history":[{"count":3,"href":"https:\/\/www.bousta.com\/de\/wp-json\/wp\/v2\/pages\/837\/revisions"}],"predecessor-version":[{"id":1051,"href":"https:\/\/www.bousta.com\/de\/wp-json\/wp\/v2\/pages\/837\/revisions\/1051"}],"wp:attachment":[{"href":"https:\/\/www.bousta.com\/de\/wp-json\/wp\/v2\/media?parent=837"}],"curies":[{"name":"wp","href":"https:\/\/api.w.org\/{rel}","templated":true}]}}