{"id":678,"date":"2023-06-20T17:50:08","date_gmt":"2023-06-20T17:50:08","guid":{"rendered":"https:\/\/optimus.qsandbox.com\/zqs\/qbcj\/site\/kaushal-newshive\/?page_id=3"},"modified":"2026-01-03T12:42:34","modified_gmt":"2026-01-03T12:42:34","slug":"politica-de-privacidad","status":"publish","type":"page","link":"https:\/\/www.bousta.com\/es\/politica-de-privacidad\/","title":{"rendered":"Pol\u00edtica de privacidad"},"content":{"rendered":"<p><strong>Fecha de entrada en vigor: 01\/05\/2025<\/strong><\/p>\n\n\n\n<p>Bousta.com (\u201cBousta\u201d, \u201cnosotros\u201d, \u201cnos\u201d o \u201cnuestro\u201d) se compromete a proteger la privacidad de los visitantes y usuarios de nuestro sitio web, Bousta.com (el \u201cSitio web\u201d). Esta Pol\u00edtica de privacidad explica c\u00f3mo recopilamos, utilizamos y protegemos los datos personales de acuerdo con las leyes de protecci\u00f3n de datos aplicables, incluyendo el Reglamento General de Protecci\u00f3n de Datos (RGPD) de la UE, el RGPD del Reino Unido y la Ley Federal Suiza de Protecci\u00f3n de Datos (FADP).<\/p>\n\n\n\n<p>Al utilizar el sitio web, usted acepta las pr\u00e1cticas descritas en esta Pol\u00edtica de privacidad.<\/p>\n\n\n\n<p><\/p>\n\n\n\n<h2 class=\"wp-block-heading has-medium-font-size\">1. Responsable del tratamiento de datos<\/h2>\n\n\n\n<p>El responsable del tratamiento de los datos personales en virtud de la presente Pol\u00edtica de privacidad es:<\/p>\n\n\n\n<p>Correo electr\u00f3nico: <a href=\"mailto:info@bousta.com\">info@bousta.com<\/a><\/p>\n\n\n\n<p><\/p>\n\n\n\n<h2 class=\"wp-block-heading has-medium-font-size\">2. \u00c1mbito de aplicaci\u00f3n de la presente pol\u00edtica<\/h2>\n\n\n\n<p>Esta Pol\u00edtica de privacidad se aplica a todos los visitantes y usuarios de Bousta.com. Abarca los datos personales recopilados a trav\u00e9s del sitio web, ya sea al navegar por el contenido, suscribirse a boletines informativos, ponerse en contacto con nosotros o interactuar con cualquier otra funci\u00f3n del sitio web.<\/p>\n\n\n\n<p><\/p>\n\n\n\n<h2 class=\"wp-block-heading has-medium-font-size\">3. Tipos de datos personales que recopilamos<\/h2>\n\n\n\n<h3 class=\"wp-block-heading has-medium-font-size\">3.1 Datos que usted proporciona<\/h3>\n\n\n\n<p>Podemos procesar los datos personales que nos proporcione voluntariamente, incluyendo:<\/p>\n\n\n\n<ul class=\"wp-block-list\">\n<li>Nombre (si se proporciona)<\/li>\n\n\n\n<li>Direcci\u00f3n de correo electr\u00f3nico<\/li>\n\n\n\n<li>Cualquier informaci\u00f3n incluida en mensajes, consultas o env\u00edos a Bousta.<br><\/li>\n<\/ul>\n\n\n\n<h3 class=\"wp-block-heading has-medium-font-size\">3.2 Datos recopilados autom\u00e1ticamente<\/h3>\n\n\n\n<p>Cuando visita nuestro sitio web, podemos recopilar autom\u00e1ticamente cierta informaci\u00f3n t\u00e9cnica, como por ejemplo:<\/p>\n\n\n\n<ul class=\"wp-block-list\">\n<li>Direcci\u00f3n IP<\/li>\n\n\n\n<li>Tipo y versi\u00f3n del navegador<\/li>\n\n\n\n<li>Tipo de dispositivo y sistema operativo<\/li>\n\n\n\n<li>Fecha y hora de acceso<\/li>\n\n\n\n<li>P\u00e1ginas visitadas y URL de referencia<br><\/li>\n<\/ul>\n\n\n\n<h2 class=\"wp-block-heading has-medium-font-size\">4. C\u00f3mo utilizamos sus datos personales<\/h2>\n\n\n\n<p>Los datos personales se utilizan para fines que incluyen:<\/p>\n\n\n\n<ul class=\"wp-block-list\">\n<li>Operaci\u00f3n, administraci\u00f3n y mantenimiento del sitio web.<\/li>\n\n\n\n<li>Responder a consultas y comunicarse con los usuarios.<\/li>\n\n\n\n<li>Garantizar la seguridad, la estabilidad y el correcto funcionamiento del sitio web.<\/li>\n\n\n\n<li>Realizaci\u00f3n de an\u00e1lisis estad\u00edsticos para mejorar el rendimiento del sitio web.<\/li>\n\n\n\n<li>Cumplimiento de obligaciones legales o reglamentarias<br><br><\/li>\n<\/ul>\n\n\n\n<h2 class=\"wp-block-heading has-medium-font-size\">5. Base jur\u00eddica para el tratamiento<\/h2>\n\n\n\n<p>Procesamos los datos personales de conformidad con la legislaci\u00f3n aplicable, incluyendo:<\/p>\n\n\n\n<ul class=\"wp-block-list\">\n<li>Su consentimiento, cuando sea necesario<\/li>\n\n\n\n<li>Intereses leg\u00edtimos, como el funcionamiento y la mejora del sitio web.<\/li>\n\n\n\n<li>Cumplimiento de las obligaciones legales<\/li>\n\n\n\n<li>Cumplimiento de medidas contractuales o precontractuales, cuando proceda.<br><\/li>\n<\/ul>\n\n\n\n<h2 class=\"wp-block-heading has-medium-font-size\">6. Compartir sus datos<\/h2>\n\n\n\n<p>Bousta hace <strong>no<\/strong> Vender o alquilar datos personales. Los datos personales solo se pueden compartir con terceros cuando sea necesario, como por ejemplo:<\/p>\n\n\n\n<ul class=\"wp-block-list\">\n<li>Proveedores de alojamiento web, proveedores de servicios inform\u00e1ticos o socios CRM.<\/li>\n\n\n\n<li>Proveedores de an\u00e1lisis web<\/li>\n\n\n\n<li>Asesores profesionales o autoridades, cuando as\u00ed lo exija la ley.<\/li>\n<\/ul>\n\n\n\n<p>Todos los terceros est\u00e1n obligados a cumplir las leyes de protecci\u00f3n de datos aplicables y a mantener las medidas de seguridad adecuadas.<br><\/p>\n\n\n\n<h2 class=\"wp-block-heading has-medium-font-size\">7. Transferencias internacionales<\/h2>\n\n\n\n<p>Sus datos personales pueden ser tratados en pa\u00edses fuera de la UE, el Reino Unido o Suiza. En tales casos, implementamos medidas de seguridad, incluyendo decisiones de adecuaci\u00f3n, cl\u00e1usulas contractuales tipo u otros mecanismos de transferencia legales para garantizar la protecci\u00f3n de sus datos.<br><br><\/p>\n\n\n\n<h2 class=\"wp-block-heading has-medium-font-size\">8. Conservaci\u00f3n de datos<\/h2>\n\n\n\n<p>Conservamos los datos personales solo durante el tiempo necesario para cumplir con los fines para los que fueron recopilados, a menos que la ley exija o permita un per\u00edodo de conservaci\u00f3n m\u00e1s largo.<\/p>\n\n\n\n<p><\/p>\n\n\n\n<h2 class=\"wp-block-heading has-medium-font-size\">9. Cookies y tecnolog\u00edas similares<\/h2>\n\n\n\n<p>Nuestro sitio web utiliza cookies y tecnolog\u00edas similares para garantizar su funcionalidad, analizar el tr\u00e1fico y mejorar la experiencia del usuario. Los usuarios pueden gestionar sus preferencias de cookies a trav\u00e9s de la configuraci\u00f3n de su navegador.<\/p>\n\n\n\n<p>Se puede proporcionar informaci\u00f3n adicional en un documento aparte. <strong>Pol\u00edtica de cookies<\/strong>.<br><\/p>\n\n\n\n<h2 class=\"wp-block-heading has-medium-font-size\">10. Seguridad de los datos<\/h2>\n\n\n\n<p>Bousta implementa las medidas t\u00e9cnicas y organizativas adecuadas para proteger los datos personales contra el acceso no autorizado, la p\u00e9rdida, la alteraci\u00f3n o la divulgaci\u00f3n. Aunque nos esforzamos por mantener un alto nivel de seguridad, no podemos garantizar una protecci\u00f3n absoluta.<br><\/p>\n\n\n\n<h2 class=\"wp-block-heading has-medium-font-size\">11. Sus derechos<\/h2>\n\n\n\n<p>En virtud de las leyes de protecci\u00f3n de datos aplicables, usted tiene derecho a:<\/p>\n\n\n\n<ul class=\"wp-block-list\">\n<li>Acceda a sus datos personales<\/li>\n\n\n\n<li>Solicitar la correcci\u00f3n de datos inexactos<\/li>\n\n\n\n<li>Solicitar la eliminaci\u00f3n de datos personales<\/li>\n\n\n\n<li>Solicitar restricci\u00f3n del tratamiento<\/li>\n\n\n\n<li>Oponerse al tratamiento<\/li>\n\n\n\n<li>Solicitar la portabilidad de datos<\/li>\n\n\n\n<li>Retirar el consentimiento en cualquier momento, cuando el tratamiento se base en el consentimiento.<\/li>\n<\/ul>\n\n\n\n<p>Las solicitudes pueden enviarse a: <strong><a href=\"mailto:info@bousta.com\">info@bousta.com<\/a><\/strong><br><\/p>\n\n\n\n<h2 class=\"wp-block-heading has-medium-font-size\">12. Derecho a presentar una reclamaci\u00f3n<\/h2>\n\n\n\n<p>Puede presentar una reclamaci\u00f3n ante una autoridad competente en materia de protecci\u00f3n de datos, incluida la UE, la Oficina del Comisionado de Informaci\u00f3n del Reino Unido (ICO) o el Comisionado Federal Suizo de Protecci\u00f3n de Datos e Informaci\u00f3n (FDPIC).<br><\/p>\n\n\n\n<h2 class=\"wp-block-heading has-medium-font-size\">13. Sitios web de terceros<\/h2>\n\n\n\n<p>Nuestro sitio web puede contener enlaces a sitios web de terceros. Bousta no se hace responsable de las pr\u00e1cticas de privacidad ni del contenido de estos sitios. Se recomienda a los usuarios que revisen las pol\u00edticas de privacidad de terceros antes de proporcionar informaci\u00f3n personal.<br><\/p>\n\n\n\n<h2 class=\"wp-block-heading has-medium-font-size\">14. Cambios en esta Pol\u00edtica de privacidad<\/h2>\n\n\n\n<p>Bousta puede actualizar esta Pol\u00edtica de privacidad en cualquier momento. Los cambios se publicar\u00e1n en el sitio web y entrar\u00e1n en vigor inmediatamente despu\u00e9s de su publicaci\u00f3n. Se recomienda a los usuarios que revisen esta Pol\u00edtica de privacidad peri\u00f3dicamente.<br><\/p>\n\n\n\n<h2 class=\"wp-block-heading has-medium-font-size\">15. Contacto<\/h2>\n\n\n\n<p>Si tiene alguna pregunta o solicitud relacionada con esta Pol\u00edtica de privacidad o con el tratamiento de datos personales, p\u00f3ngase en contacto con <strong>correo electr\u00f3nico:<\/strong> <a href=\"mailto:info@bousta.com\">info@bousta.com<\/a><\/p>","protected":false},"excerpt":{"rendered":"<p>Fecha de entrada en vigor: 05\/01\/2025 Bousta.com (\u201cBousta\u201d, \u201cnosotros\u201d, \u201cnos\u201d o \u201cnuestro\u201d) se compromete a proteger la privacidad de los visitantes y usuarios de<\/p>","protected":false},"author":1,"featured_media":0,"parent":0,"menu_order":0,"comment_status":"closed","ping_status":"open","template":"","meta":{"colormag_page_container_layout":"default_layout","colormag_page_sidebar_layout":"default_layout","footnotes":""},"class_list":["post-678","page","type-page","status-publish","hentry"],"magazineBlocksPostFeaturedMedia":{"thumbnail":false,"medium":false,"medium_large":false,"large":false,"1536x1536":false,"2048x2048":false,"trp-custom-language-flag":false,"colormag-highlighted-post":false,"colormag-featured-post-medium":false,"colormag-featured-post-small":false,"colormag-featured-image":false,"colormag-default-news":false,"colormag-featured-image-large":false},"magazineBlocksPostAuthor":{"name":"Sebastien","avatar":"https:\/\/secure.gravatar.com\/avatar\/1f71a3f51d991ba8e1f56b75fbce7c26ec22b4bdc7af3cc6235ab4dbb53f8013?s=96&d=blank&r=g"},"magazineBlocksPostCommentsNumber":false,"magazineBlocksPostExcerpt":"Effective Date: 05\/01\/2025 Bousta.com (\u201cBousta,\u201d \u201cwe,\u201d \u201cus,\u201d or \u201cour\u201d) is committed to protecting the privacy of visitors and users of","magazineBlocksPostCategories":[],"magazineBlocksPostViewCount":0,"magazineBlocksPostReadTime":4,"yoast_head":"<!-- This site is optimized with the Yoast SEO plugin v26.6 - https:\/\/yoast.com\/wordpress\/plugins\/seo\/ -->\n<title>Privacy Policy - Bousta | Global Media Platform Covering Smart Cities, Urban Innovation &amp; the Internet of Things<\/title>\n<meta name=\"robots\" content=\"index, follow, max-snippet:-1, max-image-preview:large, max-video-preview:-1\" \/>\n<link rel=\"canonical\" href=\"http:\/\/www.bousta.com\/es\/politica-de-privacidad\/\" \/>\n<meta property=\"og:locale\" content=\"es_ES\" \/>\n<meta property=\"og:type\" content=\"article\" \/>\n<meta property=\"og:title\" content=\"Privacy Policy - Bousta | Global Media Platform Covering Smart Cities, Urban Innovation &amp; the Internet of Things\" \/>\n<meta property=\"og:description\" content=\"Effective Date: 05\/01\/2025 Bousta.com (\u201cBousta,\u201d \u201cwe,\u201d \u201cus,\u201d or \u201cour\u201d) is committed to protecting the privacy of visitors and users of\" \/>\n<meta property=\"og:url\" content=\"http:\/\/www.bousta.com\/es\/politica-de-privacidad\/\" \/>\n<meta property=\"og:site_name\" content=\"Bousta | Global Media Platform Covering Smart Cities, Urban Innovation &amp; the Internet of Things\" \/>\n<meta property=\"article:modified_time\" content=\"2026-01-03T12:42:34+00:00\" \/>\n<meta name=\"twitter:card\" content=\"summary_large_image\" \/>\n<meta name=\"twitter:label1\" content=\"Tiempo de lectura\" \/>\n\t<meta name=\"twitter:data1\" content=\"3 minutos\" \/>\n<script type=\"application\/ld+json\" class=\"yoast-schema-graph\">{\"@context\":\"https:\/\/schema.org\",\"@graph\":[{\"@type\":\"WebPage\",\"@id\":\"http:\/\/www.bousta.com\/privacy-policy\/\",\"url\":\"http:\/\/www.bousta.com\/privacy-policy\/\",\"name\":\"Privacy Policy - Bousta | Global Media Platform Covering Smart Cities, Urban Innovation &amp; the Internet of Things\",\"isPartOf\":{\"@id\":\"https:\/\/www.bousta.com\/zh\/#website\"},\"datePublished\":\"2023-06-20T17:50:08+00:00\",\"dateModified\":\"2026-01-03T12:42:34+00:00\",\"breadcrumb\":{\"@id\":\"http:\/\/www.bousta.com\/privacy-policy\/#breadcrumb\"},\"inLanguage\":\"es\",\"potentialAction\":[{\"@type\":\"ReadAction\",\"target\":[\"http:\/\/www.bousta.com\/privacy-policy\/\"]}]},{\"@type\":\"BreadcrumbList\",\"@id\":\"http:\/\/www.bousta.com\/privacy-policy\/#breadcrumb\",\"itemListElement\":[{\"@type\":\"ListItem\",\"position\":1,\"name\":\"Home\",\"item\":\"https:\/\/www.bousta.com\/zh\/\"},{\"@type\":\"ListItem\",\"position\":2,\"name\":\"Privacy Policy\"}]},{\"@type\":\"WebSite\",\"@id\":\"https:\/\/www.bousta.com\/zh\/#website\",\"url\":\"https:\/\/www.bousta.com\/zh\/\",\"name\":\"Bousta | Global Media Platform Covering Smart Cities, Urban Innovation & the Internet of Things\",\"description\":\"Where Smart Cities, Urban Innovation &amp; IoT Converge\",\"publisher\":{\"@id\":\"https:\/\/www.bousta.com\/zh\/#organization\"},\"potentialAction\":[{\"@type\":\"SearchAction\",\"target\":{\"@type\":\"EntryPoint\",\"urlTemplate\":\"https:\/\/www.bousta.com\/zh\/?s={search_term_string}\"},\"query-input\":{\"@type\":\"PropertyValueSpecification\",\"valueRequired\":true,\"valueName\":\"search_term_string\"}}],\"inLanguage\":\"es\"},{\"@type\":\"Organization\",\"@id\":\"https:\/\/www.bousta.com\/zh\/#organization\",\"name\":\"Bousta | Global Media Platform Covering Smart Cities, Urban Innovation & the Internet of Things\",\"url\":\"https:\/\/www.bousta.com\/zh\/\",\"logo\":{\"@type\":\"ImageObject\",\"inLanguage\":\"es\",\"@id\":\"https:\/\/www.bousta.com\/zh\/#\/schema\/logo\/image\/\",\"url\":\"https:\/\/www.bousta.com\/wp-content\/uploads\/2025\/12\/bousta.png\",\"contentUrl\":\"https:\/\/www.bousta.com\/wp-content\/uploads\/2025\/12\/bousta.png\",\"width\":209,\"height\":66,\"caption\":\"Bousta | Global Media Platform Covering Smart Cities, Urban Innovation & the Internet of Things\"},\"image\":{\"@id\":\"https:\/\/www.bousta.com\/zh\/#\/schema\/logo\/image\/\"}}]}<\/script>\n<!-- \/ Yoast SEO plugin. -->","yoast_head_json":{"title":"Pol\u00edtica de privacidad - Bousta | Plataforma global de medios de comunicaci\u00f3n dedicada a las ciudades inteligentes, la innovaci\u00f3n urbana y el Internet de las cosas.","robots":{"index":"index","follow":"follow","max-snippet":"max-snippet:-1","max-image-preview":"max-image-preview:large","max-video-preview":"max-video-preview:-1"},"canonical":"http:\/\/www.bousta.com\/es\/politica-de-privacidad\/","og_locale":"es_ES","og_type":"article","og_title":"Privacy Policy - Bousta | Global Media Platform Covering Smart Cities, Urban Innovation &amp; the Internet of Things","og_description":"Effective Date: 05\/01\/2025 Bousta.com (\u201cBousta,\u201d \u201cwe,\u201d \u201cus,\u201d or \u201cour\u201d) is committed to protecting the privacy of visitors and users of","og_url":"http:\/\/www.bousta.com\/es\/politica-de-privacidad\/","og_site_name":"Bousta | Global Media Platform Covering Smart Cities, Urban Innovation &amp; the Internet of Things","article_modified_time":"2026-01-03T12:42:34+00:00","twitter_card":"summary_large_image","twitter_misc":{"Tiempo de lectura":"3 minutos"},"schema":{"@context":"https:\/\/schema.org","@graph":[{"@type":"WebPage","@id":"http:\/\/www.bousta.com\/privacy-policy\/","url":"http:\/\/www.bousta.com\/privacy-policy\/","name":"Pol\u00edtica de privacidad - Bousta | Plataforma global de medios de comunicaci\u00f3n dedicada a las ciudades inteligentes, la innovaci\u00f3n urbana y el Internet de las cosas.","isPartOf":{"@id":"https:\/\/www.bousta.com\/zh\/#website"},"datePublished":"2023-06-20T17:50:08+00:00","dateModified":"2026-01-03T12:42:34+00:00","breadcrumb":{"@id":"http:\/\/www.bousta.com\/privacy-policy\/#breadcrumb"},"inLanguage":"es","potentialAction":[{"@type":"ReadAction","target":["http:\/\/www.bousta.com\/privacy-policy\/"]}]},{"@type":"BreadcrumbList","@id":"http:\/\/www.bousta.com\/privacy-policy\/#breadcrumb","itemListElement":[{"@type":"ListItem","position":1,"name":"Home","item":"https:\/\/www.bousta.com\/zh\/"},{"@type":"ListItem","position":2,"name":"Privacy Policy"}]},{"@type":"WebSite","@id":"https:\/\/www.bousta.com\/zh\/#website","url":"https:\/\/www.bousta.com\/zh\/","name":"Bousta | Plataforma medi\u00e1tica global que cubre temas relacionados con las ciudades inteligentes, la innovaci\u00f3n urbana y el Internet de las cosas.","description":"Donde convergen las ciudades inteligentes, la innovaci\u00f3n urbana y el IoT","publisher":{"@id":"https:\/\/www.bousta.com\/zh\/#organization"},"potentialAction":[{"@type":"SearchAction","target":{"@type":"EntryPoint","urlTemplate":"https:\/\/www.bousta.com\/zh\/?s={search_term_string}"},"query-input":{"@type":"PropertyValueSpecification","valueRequired":true,"valueName":"search_term_string"}}],"inLanguage":"es"},{"@type":"Organization","@id":"https:\/\/www.bousta.com\/zh\/#organization","name":"Bousta | Plataforma medi\u00e1tica global que cubre temas relacionados con las ciudades inteligentes, la innovaci\u00f3n urbana y el Internet de las cosas.","url":"https:\/\/www.bousta.com\/zh\/","logo":{"@type":"ImageObject","inLanguage":"es","@id":"https:\/\/www.bousta.com\/zh\/#\/schema\/logo\/image\/","url":"https:\/\/www.bousta.com\/wp-content\/uploads\/2025\/12\/bousta.png","contentUrl":"https:\/\/www.bousta.com\/wp-content\/uploads\/2025\/12\/bousta.png","width":209,"height":66,"caption":"Bousta | Global Media Platform Covering Smart Cities, Urban Innovation & the Internet of Things"},"image":{"@id":"https:\/\/www.bousta.com\/zh\/#\/schema\/logo\/image\/"}}]}},"_links":{"self":[{"href":"https:\/\/www.bousta.com\/es\/wp-json\/wp\/v2\/pages\/678","targetHints":{"allow":["GET"]}}],"collection":[{"href":"https:\/\/www.bousta.com\/es\/wp-json\/wp\/v2\/pages"}],"about":[{"href":"https:\/\/www.bousta.com\/es\/wp-json\/wp\/v2\/types\/page"}],"author":[{"embeddable":true,"href":"https:\/\/www.bousta.com\/es\/wp-json\/wp\/v2\/users\/1"}],"replies":[{"embeddable":true,"href":"https:\/\/www.bousta.com\/es\/wp-json\/wp\/v2\/comments?post=678"}],"version-history":[{"count":4,"href":"https:\/\/www.bousta.com\/es\/wp-json\/wp\/v2\/pages\/678\/revisions"}],"predecessor-version":[{"id":1046,"href":"https:\/\/www.bousta.com\/es\/wp-json\/wp\/v2\/pages\/678\/revisions\/1046"}],"wp:attachment":[{"href":"https:\/\/www.bousta.com\/es\/wp-json\/wp\/v2\/media?parent=678"}],"curies":[{"name":"wp","href":"https:\/\/api.w.org\/{rel}","templated":true}]}}